{"id":196,"date":"2016-08-26T19:28:36","date_gmt":"2016-08-26T22:28:36","guid":{"rendered":"http:\/\/fujiwara.com.br-bkp\/es\/sobre-a-fujiwara\/"},"modified":"2017-08-08T11:28:14","modified_gmt":"2017-08-08T14:28:14","slug":"acerca-fujiwara","status":"publish","type":"page","link":"https:\/\/fujiwara.com.br\/es\/acerca-fujiwara\/","title":{"rendered":"Acerca Fujiwara"},"content":{"rendered":"<p>La marca Fujiwara hace parte de la rutina diaria de los trabajadores en todo el pa\u00eds a trav\u00e9s de sus equipos de protecci\u00f3n personal. La marca compone el portfolio de BSB \u2013 Brazil Safety Brands y tiene alta representatividad en el sector de Seguridad y Salud del Trabajo. <\/p>\n<p>El concepto \u201cSeguridad es lo que nos mueve\u201d traduce la misi\u00f3n de la marca Fujiwara que es invertir en confortaci\u00f3n con materiales innovadores y design distinto. En modo que cada usuario siga su trayectoria con m\u00e1xima protecci\u00f3n y bienestar, la marca est\u00e1 sincronizada a las necesidades y expectativas de su p\u00fablico, acompa\u00f1ando el mundo que no para de cambiarse. Hoy,cerca de 25 segmentos profesionales son atendidos con 13 l\u00edneas de productos entre calzados de seguridad y botas impermeables.<\/p>\n<p>Proteger el medio ambiente tambien es una preocupaci\u00f3n de la marca Fujiwara. Para garantizar la preservaci\u00f3n de los recursos naturales de manera sustentable, BSB actua en conformidad con la norma ISO 14001. Por eso, sus productos son atestados por varias certificaciones que comproban su calidad, credibilidade y que la hacen una referencia en el mercado de protecci\u00f3n personal.<\/p>\n","protected":false},"excerpt":{"rendered":"<p>La marca Fujiwara hace parte de la rutina diaria de los trabajadores en todo el pa\u00eds a trav\u00e9s de sus equipos de protecci\u00f3n personal. La marca compone el portfolio de BSB \u2013 Brazil Safety Brands y tiene alta representatividad en el sector de Seguridad y Salud del Trabajo. El concepto \u201cSeguridad es lo que nos [&hellip;]<\/p>\n","protected":false},"author":2,"featured_media":1524,"parent":0,"menu_order":0,"comment_status":"closed","ping_status":"closed","template":"template-about.php","meta":{"footnotes":""},"class_list":["post-196","page","type-page","status-publish","has-post-thumbnail","hentry"],"_links":{"self":[{"href":"https:\/\/fujiwara.com.br\/es\/wp-json\/wp\/v2\/pages\/196","targetHints":{"allow":["GET"]}}],"collection":[{"href":"https:\/\/fujiwara.com.br\/es\/wp-json\/wp\/v2\/pages"}],"about":[{"href":"https:\/\/fujiwara.com.br\/es\/wp-json\/wp\/v2\/types\/page"}],"author":[{"embeddable":true,"href":"https:\/\/fujiwara.com.br\/es\/wp-json\/wp\/v2\/users\/2"}],"replies":[{"embeddable":true,"href":"https:\/\/fujiwara.com.br\/es\/wp-json\/wp\/v2\/comments?post=196"}],"version-history":[{"count":2,"href":"https:\/\/fujiwara.com.br\/es\/wp-json\/wp\/v2\/pages\/196\/revisions"}],"predecessor-version":[{"id":3085,"href":"https:\/\/fujiwara.com.br\/es\/wp-json\/wp\/v2\/pages\/196\/revisions\/3085"}],"wp:featuredmedia":[{"embeddable":true,"href":"https:\/\/fujiwara.com.br\/es\/wp-json\/wp\/v2\/media\/1524"}],"wp:attachment":[{"href":"https:\/\/fujiwara.com.br\/es\/wp-json\/wp\/v2\/media?parent=196"}],"curies":[{"name":"wp","href":"https:\/\/api.w.org\/{rel}","templated":true}]}}