{"id":3078,"date":"2017-08-08T11:16:50","date_gmt":"2017-08-08T14:16:50","guid":{"rendered":"http:\/\/fujiwara.com.br\/?page_id=3078\/"},"modified":"2017-08-10T10:02:12","modified_gmt":"2017-08-10T13:02:12","slug":"puntera-de-composite","status":"publish","type":"page","link":"https:\/\/fujiwara.com.br\/es\/puntera-de-composite\/","title":{"rendered":"Puntera de Composite"},"content":{"rendered":"<section class=\"banner-video content\">\n<div class=\"bg\" style=\"margin-bottom: 20px;\"><img decoding=\"async\" class=\"embed-responsive-item\" style=\"width: 100%;\" src=\"http:\/\/fujiwara.com.br\/wp-content\/uploads\/2017\/08\/bg-header-es.jpg\" \/><\/div>\n<\/section>\n<section class=\"content\">\n<div class=\"row\">\n<div class=\"col-xs-12 col-sm-5\">\n<div class=\"thumb\"><img decoding=\"async\" class=\"img-responsive wp-post-image\" style=\"width: 100%;\" src=\"http:\/\/fujiwara.com.br\/wp-content\/uploads\/2017\/07\/composite-levtec.png\" \/><\/div>\n<\/div>\n<div class=\"col-xs-12 col-sm-7\" style=\"padding-left: 5%;\">\n<div class=\"page-header\">\n<h1>Puntera de Composite<\/h1>\n<\/div>\n<div class=\"text\">\n<h4>Producida desde compuestos pl\u00e1sticos de alto desempe\u00f1o, la puntera con tecnolog\u00eda Composite de Fujiwara es ideal para ambientes con riesgo el\u00e9ctrico y confiere resistencia y protecci\u00f3n contra impactos y compresi\u00f3n. Adem\u00e1s, es m\u00e1s ligera que la puntera de acero.<\/h4>\n<p><span style=\"font-family: 'Graduate', sans-serif; text-transform: uppercase; color: #000; font-size: 18px; font-weight: 600;\"><span style=\"color: #f4aa51; font-size: 20px;\">\u2022<\/span> No conduce electricidad<\/span><br \/>\n<span style=\"font-family: 'Graduate', sans-serif; text-transform: uppercase; color: #000; font-size: 18px; font-weight: 600;\"><span style=\"color: #f4aa51; font-size: 20px;\">\u2022<\/span> Cumple con las normas ABNT NBR ISO 20344 y 20345<\/span><br \/>\n<span style=\"font-family: 'Graduate', sans-serif; text-transform: uppercase; color: #000; font-size: 18px; font-weight: 600;\"><span style=\"color: #f4aa51; font-size: 20px;\">\u2022<\/span> Pase libre en los detectores de metales<\/span><\/p>\n<\/div>\n<\/div>\n<\/div>\n<\/section>\n<section class=\"banner\"><img decoding=\"async\" class=\"aligncenter size-full wp-image-3016\" style=\"width: 100%;\" src=\"http:\/\/fujiwara.com.br\/wp-content\/uploads\/2017\/08\/bota-tecnologia-es.jpg\" alt=\"bota-tecnologia\" \/><\/section>\n<section class=\"models blocks\">\n<h2>Conozca los principales modelos que poseen ese opcional<\/h2>\n<div class=\"row\">\n<div>\n<div class=\"col-xs-12 col-sm-4\">\n<div class=\"item\"><a title=\"HES L\u00ednea Gold\" href=\"https:\/\/fujiwara.com.br\/produto\/calzados-en-cuero-o-microfibra\/linea-gold\/hes-gold\/\"><img decoding=\"async\" class=\"aligncenter size-full wp-image-3025\" style=\"width: 100%;\" src=\"http:\/\/fujiwara.com.br\/wp-content\/uploads\/2017\/08\/hes-linea-gold.jpg\" alt=\"hes-linha-gold\" \/><\/a><\/div>\n<\/div>\n<div class=\"col-xs-12 col-sm-4\">\n<div class=\"item\"><a title=\"FHB L\u00ednea Gold\" href=\"https:\/\/fujiwara.com.br\/produto\/calzados-en-cuero-o-microfibra\/linea-gold\/fhb\/\"><img decoding=\"async\" class=\"aligncenter size-full wp-image-3033\" style=\"width: 100%;\" src=\"http:\/\/fujiwara.com.br\/wp-content\/uploads\/2017\/08\/fhb-linea-gold.jpg\" alt=\"fhb-linha-gold\" \/><\/a><\/div>\n<\/div>\n<div class=\"col-xs-12 col-sm-4\">\n<div class=\"item\"><a title=\"WSP L\u00ednea Gold\" href=\"\/?p=567\"><img decoding=\"async\" class=\"aligncenter size-full wp-image-3035\" style=\"width: 100%;\" src=\"http:\/\/fujiwara.com.br\/wp-content\/uploads\/2017\/08\/wsp-linea-gold.jpg\" alt=\"wsp-linha-gold\" \/><\/a><\/div>\n<\/div>\n<div class=\"col-xs-12 col-sm-4\">\n<div class=\"item\"><a title=\"SNF L\u00ednea Flex\" href=\"https:\/\/fujiwara.com.br\/produto\/calzados-en-cuero-o-microfibra\/linea-flex\/snf\/\"><img decoding=\"async\" class=\"aligncenter size-full wp-image-3034\" style=\"width: 100%;\" src=\"http:\/\/fujiwara.com.br\/wp-content\/uploads\/2017\/08\/snf-linea-flex.jpg\" alt=\"snf-linha-flex\" \/><\/a><\/div>\n<\/div>\n<div class=\"col-xs-12 col-sm-4\">\n<div class=\"item\"><a title=\"BNF L\u00ednea Flex\" href=\"https:\/\/fujiwara.com.br\/produto\/calzados-en-cuero-o-microfibra\/linea-flex\/bnf\/\"><img decoding=\"async\" class=\"aligncenter size-full wp-image-3032\" style=\"width: 100%;\" src=\"http:\/\/fujiwara.com.br\/wp-content\/uploads\/2017\/08\/bnf-linea-flex.jpg\" alt=\"bnf-lina-flex\" \/><\/a><\/div>\n<\/div>\n<div class=\"col-xs-12 col-sm-4\">\n<div class=\"item\" style=\"padding: 0 16%;\">\n<div class=\"notice\" style=\"padding: 15px; border: 2px solid #f4aa51; margin: 30% 0;\">Conozca tambi\u00e9n otros modelos con opcional de puntera Composite: HBS, HLS, HVS, HSS, HTJ y LNF<\/div>\n<\/div>\n<\/div>\n<\/div>\n<\/div>\n<\/section>\n","protected":false},"excerpt":{"rendered":"<p>Puntera de Composite Producida desde compuestos pl\u00e1sticos de alto desempe\u00f1o, la puntera con tecnolog\u00eda Composite de Fujiwara es ideal para ambientes con riesgo el\u00e9ctrico y confiere resistencia y protecci\u00f3n contra impactos y compresi\u00f3n. Adem\u00e1s, es m\u00e1s ligera que la puntera de acero. \u2022 No conduce electricidad \u2022 Cumple con las normas ABNT NBR ISO 20344 [&hellip;]<\/p>\n","protected":false},"author":2,"featured_media":0,"parent":0,"menu_order":0,"comment_status":"closed","ping_status":"closed","template":"","meta":{"footnotes":""},"class_list":["post-3078","page","type-page","status-publish","hentry"],"_links":{"self":[{"href":"https:\/\/fujiwara.com.br\/es\/wp-json\/wp\/v2\/pages\/3078","targetHints":{"allow":["GET"]}}],"collection":[{"href":"https:\/\/fujiwara.com.br\/es\/wp-json\/wp\/v2\/pages"}],"about":[{"href":"https:\/\/fujiwara.com.br\/es\/wp-json\/wp\/v2\/types\/page"}],"author":[{"embeddable":true,"href":"https:\/\/fujiwara.com.br\/es\/wp-json\/wp\/v2\/users\/2"}],"replies":[{"embeddable":true,"href":"https:\/\/fujiwara.com.br\/es\/wp-json\/wp\/v2\/comments?post=3078"}],"version-history":[{"count":7,"href":"https:\/\/fujiwara.com.br\/es\/wp-json\/wp\/v2\/pages\/3078\/revisions"}],"predecessor-version":[{"id":3102,"href":"https:\/\/fujiwara.com.br\/es\/wp-json\/wp\/v2\/pages\/3078\/revisions\/3102"}],"wp:attachment":[{"href":"https:\/\/fujiwara.com.br\/es\/wp-json\/wp\/v2\/media?parent=3078"}],"curies":[{"name":"wp","href":"https:\/\/api.w.org\/{rel}","templated":true}]}}